{"id":838,"date":"2023-06-07T13:51:05","date_gmt":"2023-06-07T13:51:05","guid":{"rendered":"https:\/\/app-cprd-cfmusiceducation.azurewebsites.net\/?page_id=838"},"modified":"2025-09-29T15:50:04","modified_gmt":"2025-09-29T15:50:04","slug":"polisi-preifatrwydd","status":"publish","type":"page","link":"https:\/\/www.cfmusiceducation.co.uk\/cy\/polisi-preifatrwydd\/","title":{"rendered":"Polisi Preifatrwydd"},"content":{"rendered":"\n<div class=\"wp-block-columns alignwide is-layout-flex wp-container-core-columns-is-layout-28f84493 wp-block-columns-is-layout-flex\">\n<div class=\"wp-block-column is-layout-flow wp-block-column-is-layout-flow\">\n<p>Bydd y polisi preifatrwydd hwn yn esbonio sut mae Addysg Gerdd Caerdydd a&#8217;r Fro yn defnyddio&#8217;r data personol a gasglwn gennych pan fyddwch yn defnyddio ein gwefan, ein porth rhieni (Paritor &#8211; Xperios) neu ein gwasanaeth i gymryd rhan yn ein gweithgareddau.<\/p>\n\n\n\n<p>Mae Addysg Gerdd Caerdydd a&#8217;r Fro yn rhan o Gyngor Caerdydd, y Rheolydd Data at ddibenion casglu data. Prosesir yr holl ddata personol yn unol \u00e2 Rheoliad Cyffredinol ar Ddiogelu Data (GDPR) y DU a Deddf Diogelu Data 2018.<\/p>\n\n\n\n<p>Pa ddata rydym yn ei gasglu?<\/p>\n\n\n\n<p>Mae Addysg Gerdd Caerdydd a&#8217;r Fro yn casglu ac yn prosesu&#8217;r data personol isod, mae GDPR y DU yn disgrifio&#8217;r prosesu sy\u2019n angenrheidiol er mwyn cyflawni contract y mae gwrthrych y data wedi ymrwymo iddo neu er mwyn cymryd camau ar gais gwrthrych y data cyn ymrwymo i gontract:<\/p>\n\n\n\n<p>Gwybodaeth adnabod bersonol<br>Rhieni a gofalwyr &#8211; Enw \/ Cyfeiriad (cartref neu fusnes) \/ Cod Post \/ Rhif Ff\u00f4n \/ Cyfeiriad E-bost \/ Dyddiad Geni<br>Myfyrwyr &#8211; Ysgol \/ Data Anabledd \/ Tarddiad Ethnig \/ Hiliol \/ Cenedligrwydd \/ Cofnodion arholiadau allanol \/ cofnodion cynnydd disgyblion \/ cysylltiadau meddygol brys \/ alergeddau<br>Staff &#8211; Enw \/ Cyfeiriad (cartref neu fusnes) \/ Cod Post \/ Rhyw \/ Rhif Ff\u00f4n \/ Cyfeiriad E-bost \/ Dyddiad Geni \/ Statws Priodasol \/ Cenedligrwydd \/ Rhif Yswiriant Gwladol \/ Manylion Ariannol Banc \/ cofnodion pensiwn \/ Cofnodion gwasanaeth datgelu a gwahardd<br>Caiff data categori arbennig ei gasglu dan Erthygl 9 am resymau sydd o fudd sylweddol i&#8217;r cyhoedd neu am resymau sy\u2019n ymwneud \u00e2 chyfle neu driniaeth gyfartal. (Anabledd, Tarddiad Ethnig \/ Hiliol, Cenedligrwydd)<br>Data sensitif (Amddiffyn Plant, Diogelu Oedolion, Plant sy&#8217;n Derbyn Gofal, Prydau Ysgol am Ddim, iechyd meddwl a chorfforol, aelodaeth undeb llafur (staff), tarddiad ethnig \/ hiliol, rhyw)<br>Manylion meddygol disgyblion (alergeddau, manylion meddygon, gweithdrefn cysylltiadau brys)<br>Cesglir hyn er mwyn diogelu disgyblion, bilio, cynllunio digwyddiadau a gweithgareddau, adrodd ystadegau, creu amserlenni tiwtoriaid ac ysgolion)<br>Sut rydym yn casglu eich data?<br>Rydych yn rhoi\u2019r rhan fwyaf o\u2019r data rydym yn ei gasglu i Addysg Gerdd Caerdydd a&#8217;r Fro yn uniongyrchol. Rydym yn casglu data ac yn prosesu data pan fyddwch yn:<br>Cofrestru ar-lein neu archebu unrhyw un o&#8217;n cynhyrchion neu ein gwasanaethau.<br>Cwblhau arolwg cwsmeriaid yn wirfoddol neu\u2019n rhoi adborth ar unrhyw un o&#8217;n byrddau negeseuon neu drwy e-bost.<br>Defnyddio ein gwefan neu edrych arni trwy gwcis eich porwr.<br>Efallai y bydd Addysg Gerdd Caerdydd a&#8217;r Fro hefyd yn cael eich data yn anuniongyrchol o&#8217;r ffynonellau canlynol:<br>Cyngor Caerdydd a Chyngor y Fro i wirio statws prydau ysgol am ddim, statws anghenion dysgu ychwanegol i wirio cymorth ariannol a chefnogi anghenion disgyblion unigol.<br>Sut byddwn yn defnyddio eich data?<br>Mae Addysg Gerdd Caerdydd a&#8217;r Fro yn casglu eich data fel y gallwn:<br>Brosesu eich archeb a rheoli eich cyfrif.<br>E-bostio atoch gynigion arbennig ar gynhyrchion a gwasanaethau eraill rydym yn credu y byddech o bosib yn eu hoffi.<br>Sicrhau diogelwch a lles eich plentyn\/plant mewn digwyddiadau a gweithgareddau.<br>I gyflawni ein contract, mae Addysg Gerdd Caerdydd a&#8217;r Fro yn defnyddio Paritor i greu a rheoli eich cyfrif porth rhieni, a gwneir taliadau drwy Parent Pay a Pay360.<br>Mae Cyngor Caerdydd yn defnyddio\u2019r trydydd parti Paritor i greu a rheoli eich cyfrif. Drwy gofrestru, rydych yn deall y bydd Paritor yn prosesu eich data personol. I gael mwy o wybodaeth am sut mae Paritor yn prosesu eich data ewch i: Paritor<br>Mae Cyngor Caerdydd yn prosesu eich taliadau drwy\u2019r trydydd parti Pay360. I gael mwy o wybodaeth am sut mae Pay360 yn prosesu eich data, ewch i: Pay360<br>Gall Cyngor Caerdydd brosesu eich taliadau hefyd drwy\u2019r trydydd parti Parent Pay. I gael mwy o wybodaeth am sut mae Parent Pay yn prosesu eich data, ewch i: Parent Pay<\/p>\n\n\n\n<p>Sut rydym yn storio eich data?<br>Mae Addysg Gerdd Caerdydd a&#8217;r Fro yn storio eich data yn ddiogel drwy Microsoft Azure Services. Mae data cwsmeriaid, gan gynnwys cop\u00efau wrth gefn, yn cael ei gadw yng Nghanolfan Data De\u2019r DU, sydd wedi\u2019i lleoli yn Llundain. Mae gan Microsoft achrediad ISO 27001 ac mae\u2019n rhan o gynllun G-Cloud Llywodraeth Prydain. Mae&#8217;r data wedi&#8217;i amgryptio bob amser.<br>Bydd Addysg Gerdd Caerdydd a&#8217;r Fro yn cadw eich data personol os cytunir tra bydd y gwersi neu\u2019r gweithgareddau yn cael eu cyflwyno. Ar \u00f4l i unrhyw diwtora neu weithgareddau ddod i ben, bydd y cyfrif yn cael ei archifo. Ar \u00f4l cyfnod segur o 3 blynedd, bydd yr holl ddata sy&#8217;n ymwneud \u00e2\u2019ch cyfrif yn cael ei wneud yn ddienw.<br>Marchnata<br>Hoffai Addysg Gerdd Caerdydd a&#8217;r Fro anfon gwybodaeth atoch am ein cynhyrchion a\u2019n gwasanaethau, yn ogystal \u00e2 rhai ein cwmn\u00efau partner rydym yn credu y byddech o bosib yn eu hoffi.<br>Cerddorfa Genedlaethol Gymreig y BBC<br>Coleg Brenhinol Cerdd a Drama Cymru<br>Prifysgol De Cymru<br>Gwasanaeth Cerdd Cenedlaethol Cymru<br>Os ydych wedi cytuno i dderbyn gohebiaeth farchnata, gallwch bob amser optio allan yn ddiweddarach.<br>Mae gennych hawl ar unrhyw adeg i atal Addysg Gerdd Caerdydd a&#8217;r Fro rhag cysylltu \u00e2 chi at ddibenion marchnata. Gallwch wneud hyn drwy glicio\u2019r botwm i dynnu caniat\u00e2d marchnata yn \u00f4l o fewn y porth rhieni neu drwy anfon e-bost atom yn AddysgGerddCF@caerdydd.gov.uk<br>Beth yw eich hawliau diogelu data?<br>Hoffai Addysg Gerdd Caerdydd a&#8217;r Fro wneud yn si\u0175r eich bod yn gwbl ymwybodol o&#8217;ch holl hawliau diogelu data. Mae gan bob defnyddiwr hawl i&#8217;r canlynol:<br>Yr hawl i gael mynediad \u2013 Mae gennych hawl i ofyn i Addysg Gerdd Caerdydd a&#8217;r Fro am gop\u00efau o\u2019ch data personol.<br>Yr hawl i gywiro \u2013 Mae gennych hawl i ofyn i Addysg Gerdd Caerdydd a&#8217;r Fro gywiro unrhyw wybodaeth sy&#8217;n anghywir yn eich barn chi. Mae gennych hawl hefyd i ofyn i Addysg Gerdd Caerdydd a&#8217;r Fro gwblhau\u2019r wybodaeth sy\u2019n anghyflawn yn eich barn chi.<br>Yr hawl i ddileu \u2013 Mae gennych hawl i ofyn i Addysg Gerdd Caerdydd a&#8217;r Fro ddileu eich data personol, dan rai amodau.<br>Yr hawl i gyfyngu prosesu \u2013 Mae gennych hawl i ofyn i Addysg Gerdd Caerdydd a&#8217;r Fro gyfyngu ar brosesu eich data personol, dan rai amodau.<br>Yr hawl i wrthwynebu prosesu \u2013 Mae gennych hawl i wrthwynebu i Addysg Gerdd Caerdydd a&#8217;r Fro brosesu eich data personol, dan rai amodau.<br>Yr hawl i gludo data \u2013 Mae gennych hawl i ofyn i Addysg Gerdd Caerdydd a&#8217;r Fro drosglwyddo&#8217;r data rydym wedi&#8217;i gasglu i sefydliad arall, neu&#8217;n uniongyrchol i chi, dan rai amodau.<br>Os gwnewch gais, bydd gennym un mis i ymateb i chi. Os hoffech arfer unrhyw un o&#8217;r hawliau hyn, cysylltwch \u00e2 ni ar ein cyfeiriad e-bost: HawliauUnigolion@caerdydd.gov.uk<br>Neu ysgrifennwch atom: Llywodraethu Gwybodaeth a Rheoli Risg<br>Neuadd y Sir<br>Caerdydd<br>CF10 4UW<\/p>\n\n\n\n<p>Cwcis<br>Mae cwcis yn ffeiliau testun a roddir ar eich cyfrifiadur i gasglu gwybodaeth log rhyngrwyd safonol a gwybodaeth am ymddygiad defnyddwyr. Pan fyddwch yn defnyddio ein gwefannau, mae\u2019n bosibl y byddwn yn casglu data gennych yn awtomatig drwy gwcis neu dechnoleg debyg.<br>I gael mwy o wybodaeth, ewch i allaboutcookies.org.<br>Sut rydym yn defnyddio cwcis?<br>Mae Addysg Gerdd Caerdydd a&#8217;r Fro yn defnyddio cwcis mewn amrywiaeth o ffyrdd i wella&#8217;ch profiad ar ein gwefan, gan gynnwys:<br>Eich cadw wedi\u2019ch mewngofnodi<br>Deall sut rydych yn defnyddio ein gwefan<br>Pa fathau o gwcis rydym yn eu defnyddio?<br>Mae nifer o wahanol fathau o gwcis, fodd bynnag, mae ein gwefan yn defnyddio:<br>Ymarferoldeb \u2013 Mae Addysg Gerdd Caerdydd a&#8217;r Fro yn defnyddio&#8217;r cwcis hyn fel ein bod yn eich adnabod ar ein gwefan ac yn cofio\u2019r hyn a ddewiswyd gennych yn flaenorol. Gallai&#8217;r rhain gynnwys eich dewis iaith a\u2019ch lleoliad. Defnyddir cymysgedd o gwcis parti cyntaf a thrydydd parti.<br>Hysbysebu \u2013 Mae Addysg Gerdd Caerdydd a&#8217;r Fro yn defnyddio&#8217;r cwcis hyn i gasglu gwybodaeth am eich defnydd o\u2019n gwefan, y cynnwys yr edrychoch arno, y dolenni a ddilynwyd gennych a gwybodaeth am eich porwr, eich dyfais, a&#8217;ch cyfeiriad IP. Mae Addysg Gerdd Caerdydd a&#8217;r Fro weithiau&#8217;n rhannu rhai agweddau cyfyngedig ar y data hwn \u00e2 thrydydd part\u00efon at ddibenion hysbysebu. Efallai y byddwn hefyd yn rhannu data ar-lein a gesglir drwy gwcis gyda&#8217;n partneriaid hysbysebu. Mae hyn yn golygu, pan fyddwch yn defnyddio gwefan arall, efallai y dangosir hysbysebion i chi yn seiliedig ar eich patrymau pori ar ein gwefan ni.<br>Sut i reoli cwcis<br>Gallwch osod eich porwr i beidio \u00e2 derbyn cwcis, ac mae\u2019r wefan uchod yn dweud wrthych sut i ddileu cwcis o\u2019ch porwr. Fodd bynnag, mewn rhai achosion, mae\u2019n bosib na fydd rhai o nodweddion y wefan yn gweithio o ganlyniad i hynny.<br>Newidiadau i&#8217;n polisi preifatrwydd<br>Mae Addysg Gerdd Caerdydd a&#8217;r Fro yn adolygu ei bolisi preifatrwydd yn rheolaidd ac yn rhoi unrhyw ddiweddariadau ar y dudalen we hon. Diweddarwyd y polisi preifatrwydd hwn ddiwethaf ar 31\/7\/23<br>Sut i gysylltu \u00e2 ni<br>Os bydd gennych unrhyw gwestiynau am bolisi preifatrwydd Addysg Gerdd Caerdydd a&#8217;r Fro, y data rydym yn ei gadw amdanoch, neu os hoffech arfer un o\u2019ch hawliau diogelu data, mae croeso i chi gysylltu \u00e2 ni drwy e-bostio diogeludata@caerdydd.gov.uk neu drwy\u2019r post:<\/p>\n\n\n\n<p>Swyddog Diogelu Data<br>T\u00eem Llywodraethu Gwybodaeth<br>Neuadd y Sir<br>Glanfa&#8217;r Iwerydd<br>Caerdydd<br>CF10 4UW<\/p>\n\n\n\n<p>Sut i gysylltu \u00e2\u2019r awdurdod priodol<br>Os hoffech gwyno neu os teimlwch nad yw Addysg Gerdd Caerdydd a&#8217;r Fro wedi mynd i\u2019r afael \u00e2\u2019ch cwyn yn briodol, gallwch gysylltu \u00e2 Swyddfa&#8217;r Comisiynydd Gwybodaeth drwy eu gwefan <a href=\"https:\/\/ico.org.uk\/make-a-complaint\/\">https:\/\/ico.org.uk\/make-a-complaint\/<\/a> neu drwy ffonio 0303 123 1113.<\/p>\n<\/div>\n<\/div>\n","protected":false},"excerpt":{"rendered":"<p>Bydd y polisi preifatrwydd hwn yn esbonio sut mae Addysg Gerdd Caerdydd a&#8217;r Fro yn defnyddio&#8217;r data personol a gasglwn gennych pan fyddwch yn defnyddio ein gwefan, ein porth rhieni (Paritor &#8211; Xperios) neu ein gwasanaeth i gymryd rhan yn ein gweithgareddau. Mae Addysg Gerdd Caerdydd a&#8217;r Fro yn rhan o Gyngor Caerdydd, y Rheolydd [&hellip;]<\/p>\n","protected":false},"author":5,"featured_media":0,"parent":0,"menu_order":0,"comment_status":"closed","ping_status":"open","template":"","meta":{"_acf_changed":false,"footnotes":""},"class_list":["post-838","page","type-page","status-publish","hentry"],"acf":[],"_links":{"self":[{"href":"https:\/\/www.cfmusiceducation.co.uk\/cy\/wp-json\/wp\/v2\/pages\/838","targetHints":{"allow":["GET"]}}],"collection":[{"href":"https:\/\/www.cfmusiceducation.co.uk\/cy\/wp-json\/wp\/v2\/pages"}],"about":[{"href":"https:\/\/www.cfmusiceducation.co.uk\/cy\/wp-json\/wp\/v2\/types\/page"}],"author":[{"embeddable":true,"href":"https:\/\/www.cfmusiceducation.co.uk\/cy\/wp-json\/wp\/v2\/users\/5"}],"replies":[{"embeddable":true,"href":"https:\/\/www.cfmusiceducation.co.uk\/cy\/wp-json\/wp\/v2\/comments?post=838"}],"version-history":[{"count":4,"href":"https:\/\/www.cfmusiceducation.co.uk\/cy\/wp-json\/wp\/v2\/pages\/838\/revisions"}],"predecessor-version":[{"id":2678,"href":"https:\/\/www.cfmusiceducation.co.uk\/cy\/wp-json\/wp\/v2\/pages\/838\/revisions\/2678"}],"wp:attachment":[{"href":"https:\/\/www.cfmusiceducation.co.uk\/cy\/wp-json\/wp\/v2\/media?parent=838"}],"curies":[{"name":"wp","href":"https:\/\/api.w.org\/{rel}","templated":true}]}}