{"id":559,"date":"2023-07-03T14:52:48","date_gmt":"2023-07-03T14:52:48","guid":{"rendered":"https:\/\/app-cprd-cfmusiceducation.azurewebsites.net\/?page_id=559"},"modified":"2025-09-29T15:40:46","modified_gmt":"2025-09-29T15:40:46","slug":"cerddoriaeth-yn-yr-ysgol","status":"publish","type":"page","link":"https:\/\/www.cfmusiceducation.co.uk\/cy\/dysgu-chwarae\/cerddoriaeth-yn-yr-ysgol\/","title":{"rendered":"Cerddoriaeth yn yr ysgol"},"content":{"rendered":"\n<div class=\"wp-block-group alignfull has-global-padding is-layout-constrained wp-block-group-is-layout-constrained\" style=\"padding-top:var(--wp--preset--spacing--60);padding-bottom:var(--wp--preset--spacing--50)\">\n<div class=\"wp-block-columns alignwide is-layout-flex wp-container-core-columns-is-layout-28f84493 wp-block-columns-is-layout-flex\">\n<div class=\"wp-block-column is-layout-flow wp-block-column-is-layout-flow\">\n<p>Mae cerddoriaeth yn un o&#8217;r pum disgyblaeth ym Maes Dysgu Celfyddydau Mynegiannol yn y cwricwlwm. Bydd pob ysgol yng Nghymru yn cefnogi eu disgyblion i brofi a symud ymlaen mewn cerddoriaeth.<\/p>\n\n\n\n<p>Gall cael gwersi cerddoriaeth neu ganu wella datblygiad eich plentyn, nid yn unig drwy ennill sgil newydd, ond trwy roi hyder a chyfleoedd iddynt fynegi eu hunain. Bydd hyn yn cael effaith gadarnhaol ar eu hiechyd a&#8217;u lles. <\/p>\n\n\n\n<p>Dim ond y dechrau yw cofrestru ar gyfer gwersi. P&#8217;un a yw&#8217;ch plentyn newydd ddechrau gwersi yn yr ysgol gynradd neu&#8217;n addasu i drefn newydd ar \u00f4l symud i&#8217;r ysgol uwchradd, mae rhai pethau syml y gallwch eu gwneud i helpu.<\/p>\n<\/div>\n<\/div>\n<\/div>\n\n\n\n<div class=\"wp-block-group alignfull has-grouprowbackground-background-color has-background has-global-padding is-layout-constrained wp-block-group-is-layout-constrained\" style=\"padding-top:var(--wp--preset--spacing--50);padding-bottom:var(--wp--preset--spacing--50)\">\n<div class=\"wp-block-columns alignwide is-layout-flex wp-container-core-columns-is-layout-87beb0d0 wp-block-columns-is-layout-flex\">\n<div class=\"wp-block-column is-layout-flow wp-block-column-is-layout-flow\">\n<h3 class=\"wp-block-heading has-system-fonts-font-family\">Dechrau arni<\/h3>\n\n\n\n<p>Bydd pob ysgol yn cael cynnig Profiad Cyntaf o chwarae offeryn drwy fanteisio ar y rhaglen Cynllun Cenedlaethol ar gyfer Addysg Cerddoriaeth. Gofynnwch i ysgol eich plentyn beth maen nhw wedi&#8217;i gynnig, ac ym mha gr\u0175p blwyddyn.<\/p>\n\n\n\n<p>Gweld a yw eich ysgol yn cael profiad cerddoriaeth fyw neu ar-lein. Mae&#8217;r rhain yn ffordd wych i blant weld gwahanol offerynnau yn fyw.<\/p>\n\n\n\n<p>Bydd rhai ysgolion yn gweithio gyda ni i gynnig rhaglen <a href=\"https:\/\/www.cfmusiceducation.co.uk\/cy\/dysgu-chwarae\/cerddoriaeth-yn-yr-ysgol\/#Camau-Cerdd\" data-type=\"page\" data-id=\"559\">Camau Cerdd<\/a>. Mae&#8217;r rhaglen hon yn caniat\u00e1u i fyfyrwyr symud ymlaen o brofiad cyntaf mewn fformat gr\u0175p mawr fforddiadwy. Mae hyn yn rhad ac am ddim i deuluoedd incwm isel.<\/p>\n\n\n\n<p>Gofynnwch i&#8217;ch ysgol a oes cyfle i roi cynnig ar y gwahanol offerynnau sydd ar gael. Mae athrawon sy&#8217;n ymweld yn aml yn hapus i wneud &#8216;sesiynau blasu&#8217; neu gallwch <a href=\"https:\/\/www.cfmusiceducation.co.uk\/cy\/cysylltu-a-ni\/\" data-type=\"page\" data-id=\"535\">gysylltu \u00e2 ni<\/a> i fynychu cyngerdd neu ymarfer ensemble cerddoriaeth.<\/p>\n<\/div>\n\n\n\n<div class=\"wp-block-column is-layout-flow wp-block-column-is-layout-flow\">\n<figure class=\"wp-block-image alignright size-full\"><img loading=\"lazy\" decoding=\"async\" width=\"786\" height=\"786\" src=\"https:\/\/www.cfmusiceducation.co.uk\/wp-content\/uploads\/2024\/08\/CF-Music-Academi-logo-draft-3-2.png\" alt=\"\" class=\"wp-image-1778\" srcset=\"https:\/\/www.cfmusiceducation.co.uk\/wp-content\/uploads\/2024\/08\/CF-Music-Academi-logo-draft-3-2.png 786w, https:\/\/www.cfmusiceducation.co.uk\/wp-content\/uploads\/2024\/08\/CF-Music-Academi-logo-draft-3-2-300x300.png 300w, https:\/\/www.cfmusiceducation.co.uk\/wp-content\/uploads\/2024\/08\/CF-Music-Academi-logo-draft-3-2-150x150.png 150w, https:\/\/www.cfmusiceducation.co.uk\/wp-content\/uploads\/2024\/08\/CF-Music-Academi-logo-draft-3-2-768x768.png 768w\" sizes=\"auto, (max-width: 786px) 100vw, 786px\" \/><\/figure>\n<\/div>\n<\/div>\n<\/div>\n\n\n\n<div class=\"wp-block-columns alignwide is-layout-flex wp-container-core-columns-is-layout-28f84493 wp-block-columns-is-layout-flex\">\n<div class=\"wp-block-column is-layout-flow wp-block-column-is-layout-flow\">\n<p>Os byddwch yn penderfynu cofrestru ar gyfer tiwtoriaeth a bod athro wedi\u2019i ddynodi i&#8217;ch plentyn, byddant yn cysylltu \u00e2 chi&#8217;n uniongyrchol am ddyddiad gwersi eich plentyn, amser ac unrhyw newidiadau.<\/p>\n<\/div>\n<\/div>\n\n\n\n<div class=\"wp-block-group alignfull has-global-padding is-layout-constrained wp-block-group-is-layout-constrained\" style=\"padding-top:var(--wp--preset--spacing--50);padding-bottom:var(--wp--preset--spacing--50)\">\n<div class=\"wp-block-columns alignwide is-layout-flex wp-container-core-columns-is-layout-47c06fe3 wp-block-columns-is-layout-flex\">\n<div class=\"wp-block-column is-layout-flow wp-block-column-is-layout-flow\">\n<h3 class=\"wp-block-heading has-system-fonts-font-family\">Ysgolion a lleoliadau cynradd<\/h3>\n\n\n\n<p>Yn ystod wythnos gyntaf y flwyddyn ysgol newydd, bydd y rhan fwyaf o ysgolion yn anfon llythyrau adref am hyfforddiant cerddoriaeth. Gofynnwch i&#8217;ch plentyn a ydyn nhw wedi cael unrhyw beth &#8211; rhag ofn iddyn nhw anghofio.<\/p>\n\n\n\n<p>Nawr ac yna bydd gofyn i chi brynu pethau fel llyfrau cerddoriaeth ac ategolion offeryn. Mae&#8217;r pethau ychwanegol hyn yn bwysig iawn felly gall eich plentyn gael y gorau o&#8217;i wersi.<\/p>\n\n\n\n<p>Chwarae gartref yw&#8217;r rhan bwysicaf o ddysgu offeryn. Ceisiwch fynd i drefn ymarfer cyn gynted \u00e2 phosibl.<br>Mae gan lawer o ysgolion eu band eu hunain, ac mae CF Music yn trefnu cyfleoedd y tu allan i&#8217;r ysgol i chwarae gyda cherddorion ifanc eraill. Anogwch eich plentyn i ymuno \u00e2 gr\u0175p i ddysgu am wneud cerddoriaeth gydag eraill.<\/p>\n<\/div>\n\n\n\n<div class=\"wp-block-column is-layout-flow wp-block-column-is-layout-flow\">\n<h3 class=\"wp-block-heading has-system-fonts-font-family\">Ysgolion a lleoliadau uwchradd<\/h3>\n\n\n\n<p>Fel rhan o&#8217;r Cynllun Cenedlaethol ar gyfer Addysg Gerdd, bydd pob ysgol uwchradd yn cael cynnig prosiect Llwybr Cerdd. Mae&#8217;r prosiect yn ymgysylltu \u00e2 phobl ifanc i:<\/p>\n\n\n\n<ul class=\"wp-block-list\">\n<li class=\"has-system-fonts-font-family has-medium-font-size\">hybu iechyd a lles emosiynol,<\/li>\n\n\n\n<li class=\"has-system-fonts-font-family has-medium-font-size\">ystyried y diwydiant cerddoriaeth fel opsiwn gyrfa, neu<\/li>\n\n\n\n<li class=\"has-system-fonts-font-family has-medium-font-size\">wella dilyniant i gerddoriaeth TGAU neu BTEC.<\/li>\n<\/ul>\n\n\n\n<p>Mae ysgolion uwchradd a lleoliadau yn cynnig llawer o gyfleoedd newydd i gerddorion ifanc ymuno \u00e2 chorau, bandiau, cerddorfeydd a grwpiau. Mae&#8217;r rhain yn ffordd wych o gwrdd \u00e2 phobl a gwneud ffrindiau newydd yn ogystal \u00e2 gwella sgiliau cerddorol. Anogwch eich plentyn i gymryd rhan!<\/p>\n\n\n\n<p>Bydd gan y rhan fwyaf o fyfyrwyr amserlen ar gyfer eu gwers offerynnol, gydag amser gwahanol bob wythnos fel nad ydynt yn colli&#8217;r un gwersi ysgol. Gall hyn fod yn eithaf dryslyd ar y dechrau felly rhowch ddigon o help a chefnogaeth.<\/p>\n<\/div>\n<\/div>\n<\/div>\n\n\n\n<div class=\"wp-block-columns alignwide is-layout-flex wp-container-core-columns-is-layout-28f84493 wp-block-columns-is-layout-flex\">\n<div class=\"wp-block-column is-layout-flow wp-block-column-is-layout-flow\">\n<p>Byddwch yn gallu cyfathrebu&#8217;n uniongyrchol \u00e2&#8217;r athro drwy&#8217;r <a href=\"https:\/\/cfmusic.paritor.com\/\">porth rhieni<\/a>. Mae negeseuon wedi&#8217;u hamgryptio a&#8217;u diogelu, ac yn ein galluogi i fonitro&#8217;r holl gyfathrebu&#8217;n ganolog. Mae athrawon yn defnyddio&#8217;r platfform hwn i ysgrifennu nodiadau ar gyfer ymarfer ac i drosglwyddo negeseuon i rieni &#8211; ac yn gobeithio y bydd rhieni hefyd yn ei ddefnyddio i gofnodi ymarfer cartref yn ogystal ag unrhyw sylwadau neu gwestiynau. Gallwch helpu eich plentyn trwy fewngofnodi ac edrych ar hyn bob wythnos.<\/p>\n<\/div>\n<\/div>\n","protected":false},"excerpt":{"rendered":"<p>Mae cerddoriaeth yn un o&#8217;r pum disgyblaeth ym Maes Dysgu Celfyddydau Mynegiannol yn y cwricwlwm. Bydd pob ysgol yng Nghymru yn cefnogi eu disgyblion i brofi a symud ymlaen mewn cerddoriaeth. Gall cael gwersi cerddoriaeth neu ganu wella datblygiad eich plentyn, nid yn unig drwy ennill sgil newydd, ond trwy roi hyder a chyfleoedd iddynt [&hellip;]<\/p>\n","protected":false},"author":5,"featured_media":0,"parent":541,"menu_order":0,"comment_status":"closed","ping_status":"closed","template":"","meta":{"_acf_changed":false,"footnotes":""},"class_list":["post-559","page","type-page","status-publish","hentry"],"acf":[],"_links":{"self":[{"href":"https:\/\/www.cfmusiceducation.co.uk\/cy\/wp-json\/wp\/v2\/pages\/559","targetHints":{"allow":["GET"]}}],"collection":[{"href":"https:\/\/www.cfmusiceducation.co.uk\/cy\/wp-json\/wp\/v2\/pages"}],"about":[{"href":"https:\/\/www.cfmusiceducation.co.uk\/cy\/wp-json\/wp\/v2\/types\/page"}],"author":[{"embeddable":true,"href":"https:\/\/www.cfmusiceducation.co.uk\/cy\/wp-json\/wp\/v2\/users\/5"}],"replies":[{"embeddable":true,"href":"https:\/\/www.cfmusiceducation.co.uk\/cy\/wp-json\/wp\/v2\/comments?post=559"}],"version-history":[{"count":6,"href":"https:\/\/www.cfmusiceducation.co.uk\/cy\/wp-json\/wp\/v2\/pages\/559\/revisions"}],"predecessor-version":[{"id":2675,"href":"https:\/\/www.cfmusiceducation.co.uk\/cy\/wp-json\/wp\/v2\/pages\/559\/revisions\/2675"}],"up":[{"embeddable":true,"href":"https:\/\/www.cfmusiceducation.co.uk\/cy\/wp-json\/wp\/v2\/pages\/541"}],"wp:attachment":[{"href":"https:\/\/www.cfmusiceducation.co.uk\/cy\/wp-json\/wp\/v2\/media?parent=559"}],"curies":[{"name":"wp","href":"https:\/\/api.w.org\/{rel}","templated":true}]}}