{"id":539,"date":"2023-06-28T14:24:16","date_gmt":"2023-06-28T14:24:16","guid":{"rendered":"https:\/\/app-cprd-cfmusiceducation.azurewebsites.net\/?page_id=539"},"modified":"2024-11-21T10:12:38","modified_gmt":"2024-11-21T10:12:38","slug":"gwneud-cerddoriaeth-gydag-eraill","status":"publish","type":"page","link":"https:\/\/www.cfmusiceducation.co.uk\/cy\/gwneud-cerddoriaeth-gydag-eraill\/","title":{"rendered":"Gwneud Cerddoriaeth gydag eraill"},"content":{"rendered":"\n<div class=\"wp-block-group alignfull has-global-padding is-layout-constrained wp-container-core-group-is-layout-99ce4cd0 wp-block-group-is-layout-constrained\" style=\"padding-top:var(--wp--preset--spacing--60);padding-right:var(--wp--preset--spacing--30);padding-bottom:0;padding-left:var(--wp--preset--spacing--30)\">\n<div class=\"wp-block-columns alignwide is-layout-flex wp-container-core-columns-is-layout-643ced6b wp-block-columns-is-layout-flex\">\n<div class=\"wp-block-column is-layout-flow wp-block-column-is-layout-flow\">\n<p>Un o&#8217;r rhannau mwyaf pleserus o ddysgu trwy gerddoriaeth yw&#8217;r cyfle i gwrdd \u00e2 cherddorion eraill, a chyd-chwarae. Yn ogystal \u00e2 gwneud ffrindiau, mae&#8217;n allweddol i wella fel cerddor a datblygu sgiliau fel gwaith t\u00eem, parch a chanolbwyntio.<\/p>\n\n\n\n<p>Mae cymryd rhan mewn gweithgareddau cerddorol yn dod \u00e2 manteision enfawr fel:<\/p>\n\n\n\n<ul class=\"wp-block-list\">\n<li>Meithrin sgiliau a dyheadau mewn cerddoriaeth a phob maes bywyd<\/li>\n\n\n\n<li>Datblygu creadigrwydd a hyder<\/li>\n\n\n\n<li>Gwella iechyd a lles emosiynol<\/li>\n<\/ul>\n\n\n\n<p>Mae gan bob cerddor ei brofiad ei hun o&#8217;r effeithiau cadarnhaol y mae cerddoriaeth yn eu cael iddynt, ond os oes angen mwy argyhoeddi arnoch, dyma rai adnoddau diddorol a chanfyddiadau ymchwil:<\/p>\n\n\n\n<ul class=\"wp-block-list\">\n<li>Mae ymchwil wedi dangos cysylltiad uniongyrchol rhwng cerddoriaeth a gallu darllen gwell mewn plant.<br><\/li>\n\n\n\n<li>Mae tystiolaeth yn awgrymu cysylltiad rhwng mathemateg a cherddoriaeth a chysylltiad rhwng cerddoriaeth a sgoriau uwch mewn IQ. <br><\/li>\n\n\n\n<li>Gall cerddoriaeth gael effaith gadarnhaol ar ddatblygiad personol a chymdeithasol, gan gynnwys mwy o hunanddibyniaeth, hyder, hunan-barch, ymdeimlad o gyflawniad a&#8217;r gallu i uniaethu ag eraill.<\/li>\n<\/ul>\n<\/div>\n\n\n\n<div class=\"wp-block-column is-layout-flow wp-block-column-is-layout-flow\">\n<figure class=\"wp-block-image size-large\"><img loading=\"lazy\" decoding=\"async\" width=\"1024\" height=\"627\" src=\"https:\/\/www.cfmusiceducation.co.uk\/wp-content\/uploads\/2023\/07\/ensamble-violins-1024x627.png\" alt=\"\" class=\"wp-image-813\" srcset=\"https:\/\/www.cfmusiceducation.co.uk\/wp-content\/uploads\/2023\/07\/ensamble-violins-1024x627.png 1024w, https:\/\/www.cfmusiceducation.co.uk\/wp-content\/uploads\/2023\/07\/ensamble-violins-300x184.png 300w, https:\/\/www.cfmusiceducation.co.uk\/wp-content\/uploads\/2023\/07\/ensamble-violins-768x470.png 768w, https:\/\/www.cfmusiceducation.co.uk\/wp-content\/uploads\/2023\/07\/ensamble-violins-1536x941.png 1536w, https:\/\/www.cfmusiceducation.co.uk\/wp-content\/uploads\/2023\/07\/ensamble-violins-2048x1254.png 2048w\" sizes=\"auto, (max-width: 1024px) 100vw, 1024px\" \/><\/figure>\n\n\n\n<p>Mae cymryd rhan mewn grwpiau cerddoriaeth ac angen gweithio gyda&#8217;i gilydd tuag at nod cyffredin, er enghraifft bandiau ysgol, yn datblygu disgyblaeth, gwaith t\u00eem, cydweithredu, hunanhyder, cyfrifoldeb a sgiliau cymdeithasol.<br><br><\/p>\n<\/div>\n<\/div>\n\n\n\n<div class=\"wp-block-columns alignwide is-layout-flex wp-container-core-columns-is-layout-28f84493 wp-block-columns-is-layout-flex\">\n<div class=\"wp-block-column is-layout-flow wp-block-column-is-layout-flow\"><\/div>\n\n\n\n<div class=\"wp-block-column is-layout-flow wp-block-column-is-layout-flow\"><\/div>\n<\/div>\n<\/div>\n\n\n\n<div class=\"wp-block-group alignfull has-grouprowbackground-background-color has-background has-global-padding is-layout-constrained wp-container-core-group-is-layout-f77ee792 wp-block-group-is-layout-constrained\" style=\"margin-top:var(--wp--preset--spacing--60);padding-top:var(--wp--preset--spacing--50);padding-right:var(--wp--preset--spacing--30);padding-bottom:var(--wp--preset--spacing--50);padding-left:var(--wp--preset--spacing--30)\">\n<div class=\"wp-block-columns alignwide is-layout-flex wp-container-core-columns-is-layout-643ced6b wp-block-columns-is-layout-flex\">\n<div class=\"wp-block-column is-layout-flow wp-block-column-is-layout-flow\">\n<figure class=\"wp-block-image size-large\"><img loading=\"lazy\" decoding=\"async\" width=\"788\" height=\"1024\" src=\"https:\/\/www.cfmusiceducation.co.uk\/wp-content\/uploads\/2023\/07\/girl-with-violin-better-mask-788x1024.png\" alt=\"\" class=\"wp-image-705\" srcset=\"https:\/\/www.cfmusiceducation.co.uk\/wp-content\/uploads\/2023\/07\/girl-with-violin-better-mask-788x1024.png 788w, https:\/\/www.cfmusiceducation.co.uk\/wp-content\/uploads\/2023\/07\/girl-with-violin-better-mask-231x300.png 231w, https:\/\/www.cfmusiceducation.co.uk\/wp-content\/uploads\/2023\/07\/girl-with-violin-better-mask-768x998.png 768w, https:\/\/www.cfmusiceducation.co.uk\/wp-content\/uploads\/2023\/07\/girl-with-violin-better-mask-1182x1536.png 1182w, https:\/\/www.cfmusiceducation.co.uk\/wp-content\/uploads\/2023\/07\/girl-with-violin-better-mask-1576x2048.png 1576w\" sizes=\"auto, (max-width: 788px) 100vw, 788px\" \/><\/figure>\n<\/div>\n\n\n\n<div class=\"wp-block-column is-layout-flow wp-block-column-is-layout-flow\">\n<div style=\"height:100px\" aria-hidden=\"true\" class=\"wp-block-spacer\"><\/div>\n\n\n\n<h3 class=\"wp-block-heading has-system-fonts-font-family\">Sut mae chwarae offeryn o fudd i&#8217;ch ymennydd<\/h3>\n\n\n\n<p>Pan fyddwch chi&#8217;n gwrando ar gerddoriaeth, mae sawl rhan o&#8217;ch ymennydd yn cymryd rhan ac yn egn\u00efol. Ond pan fyddwch chi&#8217;n chwarae offeryn, mae&#8217;r gweithgaredd hwnnw&#8217;n dod yn fwy tebyg i ymarfer ymennydd corff llawn. <br><\/p>\n\n\n\n<p>Beth sy\u2019n digwydd? <\/p>\n\n\n\n<p>Dysgwch fwy am <a href=\"https:\/\/www.youtube.com\/watch?v=R0JKCYZ8hng\">Sut mae chwarae offeryn o fudd i&#8217;ch ymennydd<\/a>.<\/p>\n<\/div>\n<\/div>\n<\/div>\n","protected":false},"excerpt":{"rendered":"<p>Un o&#8217;r rhannau mwyaf pleserus o ddysgu trwy gerddoriaeth yw&#8217;r cyfle i gwrdd \u00e2 cherddorion eraill, a chyd-chwarae. Yn ogystal \u00e2 gwneud ffrindiau, mae&#8217;n allweddol i wella fel cerddor a datblygu sgiliau fel gwaith t\u00eem, parch a chanolbwyntio. Mae cymryd rhan mewn gweithgareddau cerddorol yn dod \u00e2 manteision enfawr fel: Mae gan bob cerddor ei [&hellip;]<\/p>\n","protected":false},"author":5,"featured_media":0,"parent":0,"menu_order":0,"comment_status":"closed","ping_status":"closed","template":"","meta":{"_acf_changed":false,"footnotes":""},"class_list":["post-539","page","type-page","status-publish","hentry"],"acf":[],"_links":{"self":[{"href":"https:\/\/www.cfmusiceducation.co.uk\/cy\/wp-json\/wp\/v2\/pages\/539","targetHints":{"allow":["GET"]}}],"collection":[{"href":"https:\/\/www.cfmusiceducation.co.uk\/cy\/wp-json\/wp\/v2\/pages"}],"about":[{"href":"https:\/\/www.cfmusiceducation.co.uk\/cy\/wp-json\/wp\/v2\/types\/page"}],"author":[{"embeddable":true,"href":"https:\/\/www.cfmusiceducation.co.uk\/cy\/wp-json\/wp\/v2\/users\/5"}],"replies":[{"embeddable":true,"href":"https:\/\/www.cfmusiceducation.co.uk\/cy\/wp-json\/wp\/v2\/comments?post=539"}],"version-history":[{"count":5,"href":"https:\/\/www.cfmusiceducation.co.uk\/cy\/wp-json\/wp\/v2\/pages\/539\/revisions"}],"predecessor-version":[{"id":2096,"href":"https:\/\/www.cfmusiceducation.co.uk\/cy\/wp-json\/wp\/v2\/pages\/539\/revisions\/2096"}],"wp:attachment":[{"href":"https:\/\/www.cfmusiceducation.co.uk\/cy\/wp-json\/wp\/v2\/media?parent=539"}],"curies":[{"name":"wp","href":"https:\/\/api.w.org\/{rel}","templated":true}]}}