{"id":2320,"date":"2025-07-31T12:09:54","date_gmt":"2025-07-31T12:09:54","guid":{"rendered":"https:\/\/www.cfmusiceducation.co.uk\/?page_id=2320"},"modified":"2025-07-31T13:24:06","modified_gmt":"2025-07-31T13:24:06","slug":"dosbarthiadau-theori-a-cherddoriaeth","status":"publish","type":"page","link":"https:\/\/www.cfmusiceducation.co.uk\/cy\/dosbarthiadau-theori-a-cherddoriaeth\/","title":{"rendered":"Llamau Llinynnol"},"content":{"rendered":"\n<figure class=\"wp-block-image aligncenter size-full is-resized\"><img loading=\"lazy\" decoding=\"async\" width=\"673\" height=\"901\" src=\"https:\/\/www.cfmusiceducation.co.uk\/wp-content\/uploads\/2025\/07\/string-steps-image-2-1.png\" alt=\"\" class=\"wp-image-2332\" style=\"width:341px;height:auto\" srcset=\"https:\/\/www.cfmusiceducation.co.uk\/wp-content\/uploads\/2025\/07\/string-steps-image-2-1.png 673w, https:\/\/www.cfmusiceducation.co.uk\/wp-content\/uploads\/2025\/07\/string-steps-image-2-1-224x300.png 224w\" sizes=\"auto, (max-width: 673px) 100vw, 673px\" \/><\/figure>\n\n\n\n<div class=\"wp-block-columns is-layout-flex wp-container-core-columns-is-layout-28f84493 wp-block-columns-is-layout-flex\">\n<div class=\"wp-block-column is-layout-flow wp-block-column-is-layout-flow\">\n<p>Wedi&#8217;i anelu at blant rhwng pedair ac wyth oed, mae hwn yn becyn bore dwy awr sy&#8217;n cyfuno ein dosbarth Cerddoriaeth Fach poblogaidd gyda gwers ffidil i ddechreuwyr gr\u0175p bach (3 i 4 myfyriwr), a&#8217;n sesiwn gr\u0175p Ffidil Fforiwr newydd.<\/p>\n\n\n\n<p>Mae gwersi ffidil yn yr Academi yn cael eu cyflwyno gan arbenigwyr ffidil. Mae ein hathrawon Llamau Llinynnol yn athrawon gr\u0175p profiadol sydd hefyd \u00e2 gyrfaoedd perfformio proffesiynol ffyniannus. Rydym yn addysgu maes llafur wedi&#8217;i strwythuro&#8217;n ofalus sy&#8217;n cael ei guradu i roi sylfaen dechnegol ardderchog yn yr offeryn, yn ogystal \u00e2 thanio dealltwriaeth a chariad at greu cerddoriaeth fel taith unigol ac mewn cydweithrediad ag eraill.<\/p>\n\n\n\n<p>Mae ein gwersi Llamau Llinynnol yn cael eu rhoi mewn grwpiau o 3 i 4, gan ganiat\u00e1u llawer o sylw unigol yn ogystal \u00e2 holl fanteision dysgu gr\u0175p bach.<\/p>\n<\/div>\n<\/div>\n\n\n\n<div class=\"wp-block-buttons is-content-justification-center is-layout-flex wp-container-core-buttons-is-layout-a89b3969 wp-block-buttons-is-layout-flex\">\n<div class=\"wp-block-button\"><a class=\"wp-block-button__link wp-element-button\" href=\"https:\/\/cfmusic.paritor.com\/enrol\/tuition\/ca42b444-62e1-46bf-967f-45d148eca51c\/8bf083bd-78db-4bfc-8312-9be584dd0d00\">Cofrestrwch ar gyfer Llamau Llinynnol<\/a><\/div>\n<\/div>\n\n\n\n<p>Ymchwilwyr Ffidil yw ein sesiwn gr\u0175p i&#8217;n holl fyfyrwyr Llamau Llinynnol chwarae gyda&#8217;i gilydd. Mae&#8217;n sesiwn gr\u0175p mwy ac yn gyflwyniad cyntaf i fyd gwych y gerddorfa.<\/p>\n\n\n\n<p>Cost<\/p>\n\n\n\n<p>\u00a332 y sesiwn, \u00a3320 y tymor<\/p>\n\n\n\n<p>Mae sesiwn wythnosol lawn yn cynnwys<strong>:<\/strong><\/p>\n\n\n\n<ul class=\"wp-block-list\">\n<li><strong>Cerddoriaeth Mini (1 awr)<\/strong><\/li>\n\n\n\n<li><strong>Gwers Ffidil (30 munud)<\/strong><\/li>\n\n\n\n<li><strong>Ymchwilwyr<\/strong> <strong>Ffidil (30 munud)<\/strong><\/li>\n<\/ul>\n\n\n\n<p>Cynhelir Llamau Llinynnol yn Ysgol Uwchradd Caerdydd ar foreau Sadwrn yn ystod y tymor.<\/p>\n\n\n\n<p><\/p>\n","protected":false},"excerpt":{"rendered":"<p>Wedi&#8217;i anelu at blant rhwng pedair ac wyth oed, mae hwn yn becyn bore dwy awr sy&#8217;n cyfuno ein dosbarth Cerddoriaeth Fach poblogaidd gyda gwers ffidil i ddechreuwyr gr\u0175p bach (3 i 4 myfyriwr), a&#8217;n sesiwn gr\u0175p Ffidil Fforiwr newydd. Mae gwersi ffidil yn yr Academi yn cael eu cyflwyno gan arbenigwyr ffidil. Mae ein [&hellip;]<\/p>\n","protected":false},"author":3,"featured_media":0,"parent":0,"menu_order":0,"comment_status":"closed","ping_status":"closed","template":"","meta":{"_acf_changed":false,"footnotes":""},"class_list":["post-2320","page","type-page","status-publish","hentry"],"acf":[],"_links":{"self":[{"href":"https:\/\/www.cfmusiceducation.co.uk\/cy\/wp-json\/wp\/v2\/pages\/2320","targetHints":{"allow":["GET"]}}],"collection":[{"href":"https:\/\/www.cfmusiceducation.co.uk\/cy\/wp-json\/wp\/v2\/pages"}],"about":[{"href":"https:\/\/www.cfmusiceducation.co.uk\/cy\/wp-json\/wp\/v2\/types\/page"}],"author":[{"embeddable":true,"href":"https:\/\/www.cfmusiceducation.co.uk\/cy\/wp-json\/wp\/v2\/users\/3"}],"replies":[{"embeddable":true,"href":"https:\/\/www.cfmusiceducation.co.uk\/cy\/wp-json\/wp\/v2\/comments?post=2320"}],"version-history":[{"count":2,"href":"https:\/\/www.cfmusiceducation.co.uk\/cy\/wp-json\/wp\/v2\/pages\/2320\/revisions"}],"predecessor-version":[{"id":2334,"href":"https:\/\/www.cfmusiceducation.co.uk\/cy\/wp-json\/wp\/v2\/pages\/2320\/revisions\/2334"}],"wp:attachment":[{"href":"https:\/\/www.cfmusiceducation.co.uk\/cy\/wp-json\/wp\/v2\/media?parent=2320"}],"curies":[{"name":"wp","href":"https:\/\/api.w.org\/{rel}","templated":true}]}}