{"id":1939,"date":"2024-08-29T11:56:40","date_gmt":"2024-08-29T11:56:40","guid":{"rendered":"https:\/\/www.cfmusiceducation.co.uk\/?page_id=1939"},"modified":"2025-11-21T12:42:35","modified_gmt":"2025-11-21T12:42:35","slug":"cerddorfa-ysgolion-uwchradd","status":"publish","type":"page","link":"https:\/\/www.cfmusiceducation.co.uk\/cy\/cerddorfa-ysgolion-uwchradd\/","title":{"rendered":"Cerddorfa Ysgolion Uwchradd"},"content":{"rendered":"\n<div class=\"wp-block-columns alignwide is-layout-flex wp-container-core-columns-is-layout-28f84493 wp-block-columns-is-layout-flex\">\n<div class=\"wp-block-column is-layout-flow wp-block-column-is-layout-flow\" style=\"flex-basis:66.66%\">\n<p>Ffurfiwyd ein Cerddorfa Ysgolion Uwchradd ym 1975 a dyma&#8217;r ensemble oedran ysgol uwchradd mwyaf yn y gwasanaeth cerdd.<\/p>\n\n\n\n<p>Mae&#8217;r gerddorfa wedi teithio UDA , Malta a&#8217;r rhan fwyaf o wledydd eraill Gorllewin Ewrop. Mae\u2019n perfformio mewn lleoliadau mawreddog ar draws Caerdydd ac mae hefyd wedi perfformio mewn lleoliadau Music For Youth, fel y Royal Albert Hall.<\/p>\n\n\n\n<p>Mae&#8217;r gerddorfa&#8217;n chwarae ystod eang o repertoire, o ffilmiau mawr Hollywood a sgorau g\u00eam gyfrifiadurol i goncerti a symffon\u00efau. Bob blwyddyn, mae&#8217;r gerddorfa yn dewis cyfansoddiad TGAU neu Lefel A disgybl i&#8217;w berfformio mewn cyngerdd.<\/p>\n<\/div>\n\n\n\n<div class=\"wp-block-column is-layout-flow wp-block-column-is-layout-flow\" style=\"flex-basis:33.33%\">\n<figure class=\"wp-block-image size-full is-resized\"><img loading=\"lazy\" decoding=\"async\" width=\"810\" height=\"810\" src=\"https:\/\/www.cfmusiceducation.co.uk\/wp-content\/uploads\/2024\/08\/CF-Music-Academi-logo-draft-9.png\" alt=\"\" class=\"wp-image-1803\" style=\"width:522px;height:auto\" srcset=\"https:\/\/www.cfmusiceducation.co.uk\/wp-content\/uploads\/2024\/08\/CF-Music-Academi-logo-draft-9.png 810w, https:\/\/www.cfmusiceducation.co.uk\/wp-content\/uploads\/2024\/08\/CF-Music-Academi-logo-draft-9-300x300.png 300w, https:\/\/www.cfmusiceducation.co.uk\/wp-content\/uploads\/2024\/08\/CF-Music-Academi-logo-draft-9-150x150.png 150w, https:\/\/www.cfmusiceducation.co.uk\/wp-content\/uploads\/2024\/08\/CF-Music-Academi-logo-draft-9-768x768.png 768w\" sizes=\"auto, (max-width: 810px) 100vw, 810px\" \/><\/figure>\n<\/div>\n<\/div>\n\n\n\n<div class=\"wp-block-columns alignwide is-layout-flex wp-container-core-columns-is-layout-1a2ddb66 wp-block-columns-is-layout-flex\" style=\"padding-right:var(--wp--preset--spacing--30);padding-left:var(--wp--preset--spacing--30)\">\n<div class=\"wp-block-column is-layout-flow wp-block-column-is-layout-flow\">\n<p>Ar hyn o bryd mae gan y gerddorfa bron i 100 o aelodau ac mae&#8217;n ymarfer bob bore Sadwrn yn ystod y tymor yn Ysgol Uwchradd yr Eglwys Newydd. Yn fwy na dim, mae\u2019r gerddorfa yn ffynnu ar ei phoblogrwydd am fod yn heriol ond yn hwyl!<\/p>\n\n\n\n<figure class=\"wp-block-table is-style-stripes\"><table class=\"has-fixed-layout\"><tbody><tr><td>Rhif<\/td><td>Cysegrannau<\/td><td>Dydd<\/td><td>Amser<\/td><td>Lleoliad<\/td><td>Dyddiad<\/td><\/tr><tr><td>1<\/td><td>Cerddorfa Ysgolion Uwchradd<\/td><td>Dydd Sadwrn<\/td><td>10yb \u2013 12yp<\/td><td>Ysgol Uwchradd Caerdydd<\/td><td>20 Medi<\/td><\/tr><tr><td>2<\/td><td>Cerddorfa Ysgolion Uwchradd<\/td><td>Dydd Sadwrn<\/td><td>10yb \u2013 12yp<\/td><td>Ysgol Uwchradd Caerdydd<\/td><td>27 Medi<\/td><\/tr><tr><td>3<\/td><td>Cerddorfa Ysgolion Uwchradd<\/td><td>Dydd Sadwrn<\/td><td>10yb \u2013 12yp<\/td><td>Ysgol Uwchradd Caerdydd<\/td><td>4 Hydref<\/td><\/tr><tr><td>4<\/td><td>Cerddorfa Ysgolion Uwchradd<\/td><td>Dydd Sadwrn<\/td><td>10yb \u2013 12yp<\/td><td>Ysgol Uwchradd Caerdydd<\/td><td>11 Hydref<\/td><\/tr><tr><td>5<\/td><td>Cerddorfa Ysgolion Uwchradd<\/td><td>Dydd Sadwrn<\/td><td>10yb \u2013 12yp<\/td><td>Ysgol Uwchradd Caerdydd<\/td><td>18 Hydref<\/td><\/tr><tr><td>6<\/td><td>Cerddorfa Ysgolion Uwchradd<\/td><td>Dydd Sadwrn<\/td><td>10yb \u2013 12yp<\/td><td>Ysgol Uwchradd Caerdydd<\/td><td>25 Hydref<\/td><\/tr><tr><td colspan=\"6\"><strong>HANNER TYMOR (27 Hydref \u2013 31 Hydref 2025)<\/strong><\/td><\/tr><tr><td colspan=\"6\"><strong>SYLWER: DIM YMARFER HSO Dydd Sadwrn 8 Tachwedd<\/strong><\/td><\/tr><tr><td>7<\/td><td>Cerddorfa Ysgolion Uwchradd<\/td><td>Dydd Sadwrn<\/td><td>10yb \u2013 2:30yp (ymarfer estynedig)<\/td><td>Ysgol Uwchradd Caerdydd<\/td><td>15 Tachwedd<\/td><\/tr><tr><td>8<\/td><td>Cerddorfa Ysgolion Uwchradd<\/td><td>Dydd Sadwrn<\/td><td>10yb \u2013 12yp<\/td><td>Ysgol Uwchradd Caerdydd<\/td><td>22 Tachwedd<\/td><\/tr><tr><td>9<\/td><td>Cerddorfa Ysgolion Uwchradd<\/td><td>Dydd Sadwrn<\/td><td>10yb \u2013 12yp<\/td><td>Ysgol Uwchradd Caerdydd<\/td><td>29 Tachwedd<\/td><\/tr><tr><td>10<\/td><td>Cerddorfa Ysgolion Uwchradd<\/td><td>Dydd Sadwrn<\/td><td>10yb \u2013 12yp<\/td><td>Ysgol Uwchradd Caerdydd<\/td><td>6 Rhagfyr<\/td><\/tr><tr><td colspan=\"6\"><strong>Arddangosfa Nadolig (Dydd Llun 8 Rhagfyr 2025) \u2013 Ysgol Uwchradd Caerdydd<\/strong><\/td><\/tr><tr><td colspan=\"6\"><strong>GWYLIAU NADOLIG (22 Rhagfyr 2025 \u2013 02 Ionawr 2026)<\/strong><\/td><\/tr><tr><td>11<\/td><td>Cerddorfa Ysgolion Uwchradd<\/td><td>Dydd Sadwrn<\/td><td>10yb \u2013 12yp<\/td><td>Ysgol Uwchradd Caerdydd<\/td><td>10 Ionawr<\/td><\/tr><tr><td>12<\/td><td>Cerddorfa Ysgolion Uwchradd<\/td><td>Dydd Sadwrn<\/td><td>10yb \u2013 12yp<\/td><td>Ysgol Uwchradd Caerdydd<\/td><td>17 Ionawr<\/td><\/tr><tr><td>13<\/td><td>Cerddorfa Ysgolion Uwchradd<\/td><td>Dydd Sadwrn<\/td><td>10yb \u2013 12yp<\/td><td>Ysgol Uwchradd Caerdydd<\/td><td>24 Ionawr<\/td><\/tr><tr><td>14<\/td><td>Cerddorfa Ysgolion Uwchradd<\/td><td>Dydd Sadwrn<\/td><td>10yb \u2013 12yp<\/td><td>Ysgol Uwchradd Caerdydd<\/td><td>31 Ionawr<\/td><\/tr><tr><td>15<\/td><td>Cerddorfa Ysgolion Uwchradd<\/td><td>Dydd Sadwrn<\/td><td>10yb \u2013 12yp<\/td><td>Ysgol Uwchradd Caerdydd<\/td><td>7 Chwefror<\/td><\/tr><tr><td>16<\/td><td>Cerddorfa Ysgolion Uwchradd<\/td><td>Dydd Sadwrn<\/td><td>10yb \u2013 12yp<\/td><td>Ysgol Uwchradd Caerdydd<\/td><td>14 Chwefror<\/td><\/tr><tr><td>17<\/td><td>Cerddorfa Ysgolion Uwchradd<\/td><td>Dydd Sadwrn<\/td><td>10yb \u2013 12yp<\/td><td>Ysgol Uwchradd Caerdydd<\/td><td>28 Chwefror<\/td><\/tr><tr><td>18<\/td><td>Cerddorfa Ysgolion Uwchradd<\/td><td>Dydd Sadwrn<\/td><td>10yb \u2013 12yp<\/td><td>Ysgol Uwchradd Caerdydd<\/td><td>7 Mawrth<\/td><\/tr><tr><td>19<\/td><td>Cerddorfa Ysgolion Uwchradd<\/td><td>Dydd Sadwrn<\/td><td>10yb \u2013 12yp<\/td><td>Ysgol Uwchradd Caerdydd<\/td><td>14 Mawrth<\/td><\/tr><tr><td>20<\/td><td>Cerddorfa Ysgolion Uwchradd<\/td><td>Dydd Sadwrn<\/td><td>10yb \u2013 12yp<\/td><td>Ysgol Uwchradd Caerdydd<\/td><td>21 Mawrth<\/td><\/tr><tr><td colspan=\"6\"><strong>GWYLIAU PASG (30 Mawrth \u2013 10 Ebrill 2026)<\/strong><\/td><\/tr><tr><td>21<\/td><td>Cerddorfa Ysgolion Uwchradd<\/td><td>Dydd Sadwrn<\/td><td>10yb \u2013 12yp<\/td><td>Ysgol Uwchradd Caerdydd<\/td><td>18 Ebrill<\/td><\/tr><tr><td>22<\/td><td>Cerddorfa Ysgolion Uwchradd<\/td><td>Dydd Sadwrn<\/td><td>10yb \u2013 12yp<\/td><td>Ysgol Uwchradd Caerdydd<\/td><td>25 Ebrill<\/td><\/tr><tr><td>23<\/td><td>Cerddorfa Ysgolion Uwchradd<\/td><td>Dydd Sadwrn<\/td><td>10yb \u2013 12yp<\/td><td>Ysgol Uwchradd Caerdydd<\/td><td>2 Mai<\/td><\/tr><tr><td>24<\/td><td>Cerddorfa Ysgolion Uwchradd<\/td><td>Dydd Sadwrn<\/td><td>10yb \u2013 12yp<\/td><td>Ysgol Uwchradd Caerdydd<\/td><td>9 Mai<\/td><\/tr><tr><td>25<\/td><td>Cerddorfa Ysgolion Uwchradd<\/td><td>Dydd Sadwrn<\/td><td>10yb \u2013 12yp<\/td><td>Ysgol Uwchradd Caerdydd<\/td><td>16 Mai<\/td><\/tr><tr><td>26<\/td><td>Cerddorfa Ysgolion Uwchradd<\/td><td>Dydd Sadwrn<\/td><td>10yb \u2013 12yp<\/td><td>Ysgol Uwchradd Caerdydd<\/td><td>23 Mai<\/td><\/tr><tr><td colspan=\"6\"><strong>HANNER TYMOR (25 Mai \u2013 29 Mai 2026)<\/strong><\/td><\/tr><tr><td>27<\/td><td>Cerddorfa Ysgolion Uwchradd<\/td><td>Dydd Sadwrn<\/td><td>10yb \u2013 12yp<\/td><td>Ysgol Uwchradd Caerdydd<\/td><td>6 Mehefin<\/td><\/tr><tr><td>28<\/td><td>Cerddorfa Ysgolion Uwchradd<\/td><td>Dydd Sadwrn<\/td><td>10yb \u2013 12yp<\/td><td>Ysgol Uwchradd Caerdydd<\/td><td>13 Mehefin<\/td><\/tr><tr><td>29<\/td><td>Cerddorfa Ysgolion Uwchradd<\/td><td>Dydd Sadwrn<\/td><td>10yb \u2013 12yp<\/td><td>Ysgol Uwchradd Caerdydd<\/td><td>20 Mehefin<\/td><\/tr><tr><td>30<\/td><td>Cerddorfa Ysgolion Uwchradd<\/td><td>Dydd Sadwrn<\/td><td>10yb \u2013 12yp<\/td><td>Ysgol Uwchradd Caerdydd<\/td><td>27 Mehefin<\/td><\/tr><tr><td>31<\/td><td>Cerddorfa Ysgolion Uwchradd<\/td><td>Dydd Sadwrn<\/td><td>10yb \u2013 12yp<\/td><td>Ysgol Uwchradd Caerdydd<\/td><td>4 Gorffennaf<\/td><\/tr><tr><td colspan=\"6\"><strong>Dyddiad a Lleoliad y Cyngerdd i\u2019w gadarnhau<\/strong><\/td><\/tr><\/tbody><\/table><\/figure>\n\n\n\n<h2 class=\"wp-block-heading\"><strong>Bywgraffiad yr Arweinydd<\/strong><\/h2>\n<\/div>\n<\/div>\n\n\n\n<div class=\"wp-block-columns alignwide is-layout-flex wp-container-core-columns-is-layout-1a2ddb66 wp-block-columns-is-layout-flex\" style=\"padding-right:var(--wp--preset--spacing--30);padding-left:var(--wp--preset--spacing--30)\">\n<div class=\"wp-block-column is-layout-flow wp-block-column-is-layout-flow\" style=\"flex-basis:33.33%\">\n<figure class=\"wp-block-image aligncenter size-large is-resized\"><img loading=\"lazy\" decoding=\"async\" width=\"683\" height=\"1024\" src=\"https:\/\/www.cfmusiceducation.co.uk\/wp-content\/uploads\/2024\/11\/DSC09149-CHARLIE-copy-2-683x1024.jpg\" alt=\"\" class=\"wp-image-2153\" style=\"width:277px;height:auto\" srcset=\"https:\/\/www.cfmusiceducation.co.uk\/wp-content\/uploads\/2024\/11\/DSC09149-CHARLIE-copy-2-683x1024.jpg 683w, https:\/\/www.cfmusiceducation.co.uk\/wp-content\/uploads\/2024\/11\/DSC09149-CHARLIE-copy-2-200x300.jpg 200w, https:\/\/www.cfmusiceducation.co.uk\/wp-content\/uploads\/2024\/11\/DSC09149-CHARLIE-copy-2-768x1152.jpg 768w, https:\/\/www.cfmusiceducation.co.uk\/wp-content\/uploads\/2024\/11\/DSC09149-CHARLIE-copy-2-1024x1536.jpg 1024w, https:\/\/www.cfmusiceducation.co.uk\/wp-content\/uploads\/2024\/11\/DSC09149-CHARLIE-copy-2-1365x2048.jpg 1365w, https:\/\/www.cfmusiceducation.co.uk\/wp-content\/uploads\/2024\/11\/DSC09149-CHARLIE-copy-2-scaled.jpg 1707w\" sizes=\"auto, (max-width: 683px) 100vw, 683px\" \/><\/figure>\n<\/div>\n\n\n\n<div class=\"wp-block-column is-layout-flow wp-block-column-is-layout-flow\" style=\"flex-basis:66.66%\">\n<p>Charles Maynard yw arweinydd Cerddorfa Ysgolion Uwchradd. Yn wreiddiol o Fanceinion, dyfarnwyd ysgoloriaeth iddo yn y chweched dosbarth i astudio trombone yn y Royal Northern College of Music, a ddilynwyd gan gwrs graddedig mewn cyfansoddi yng Ngholeg Brenhinol Cerdd a Drama Cymru, yna blwyddyn \u00f4l-raddedig yn yr Academi Gerdd Frenhinol. Astudiodd Charles arwain gyda Malcolm Binney a Syr Simon Rattle yn ogystal \u00e2 chyfansoddi \u00f4l-raddedig gyda Dr Paul Patterson a Syr Michael Tippett.<\/p>\n\n\n\n<p>Mae Charles wedi gweithio i\u2019r gwasanaeth cerdd ers 1992 ac mae bellach yn Bennaeth Pres ac yn diwtor arweiniol creadigol. Mae wedi bod yn arweinydd Cerddorfa Ysgolion Uwchradd er 1994.<\/p>\n<\/div>\n<\/div>\n\n\n\n<p><\/p>\n","protected":false},"excerpt":{"rendered":"<p>Ffurfiwyd ein Cerddorfa Ysgolion Uwchradd ym 1975 a dyma&#8217;r ensemble oedran ysgol uwchradd mwyaf yn y gwasanaeth cerdd. Mae&#8217;r gerddorfa wedi teithio UDA , Malta a&#8217;r rhan fwyaf o wledydd eraill Gorllewin Ewrop. Mae\u2019n perfformio mewn lleoliadau mawreddog ar draws Caerdydd ac mae hefyd wedi perfformio mewn lleoliadau Music For Youth, fel y Royal Albert [&hellip;]<\/p>\n","protected":false},"author":3,"featured_media":0,"parent":0,"menu_order":0,"comment_status":"closed","ping_status":"closed","template":"","meta":{"_acf_changed":false,"footnotes":""},"class_list":["post-1939","page","type-page","status-publish","hentry"],"acf":[],"_links":{"self":[{"href":"https:\/\/www.cfmusiceducation.co.uk\/cy\/wp-json\/wp\/v2\/pages\/1939","targetHints":{"allow":["GET"]}}],"collection":[{"href":"https:\/\/www.cfmusiceducation.co.uk\/cy\/wp-json\/wp\/v2\/pages"}],"about":[{"href":"https:\/\/www.cfmusiceducation.co.uk\/cy\/wp-json\/wp\/v2\/types\/page"}],"author":[{"embeddable":true,"href":"https:\/\/www.cfmusiceducation.co.uk\/cy\/wp-json\/wp\/v2\/users\/3"}],"replies":[{"embeddable":true,"href":"https:\/\/www.cfmusiceducation.co.uk\/cy\/wp-json\/wp\/v2\/comments?post=1939"}],"version-history":[{"count":5,"href":"https:\/\/www.cfmusiceducation.co.uk\/cy\/wp-json\/wp\/v2\/pages\/1939\/revisions"}],"predecessor-version":[{"id":2899,"href":"https:\/\/www.cfmusiceducation.co.uk\/cy\/wp-json\/wp\/v2\/pages\/1939\/revisions\/2899"}],"wp:attachment":[{"href":"https:\/\/www.cfmusiceducation.co.uk\/cy\/wp-json\/wp\/v2\/media?parent=1939"}],"curies":[{"name":"wp","href":"https:\/\/api.w.org\/{rel}","templated":true}]}}