{"id":1937,"date":"2024-08-29T11:57:07","date_gmt":"2024-08-29T11:57:07","guid":{"rendered":"https:\/\/www.cfmusiceducation.co.uk\/?page_id=1937"},"modified":"2025-11-21T11:01:31","modified_gmt":"2025-11-21T11:01:31","slug":"cerddorfa-sylfaen","status":"publish","type":"page","link":"https:\/\/www.cfmusiceducation.co.uk\/cy\/cerddorfa-sylfaen\/","title":{"rendered":"Cerddorfa Sylfaen"},"content":{"rendered":"\n<div class=\"wp-block-columns alignwide is-layout-flex wp-container-core-columns-is-layout-28f84493 wp-block-columns-is-layout-flex\">\n<div class=\"wp-block-column is-layout-flow wp-block-column-is-layout-flow\" style=\"flex-basis:100%\">\n<p>Sefydlwyd y Gerddorfa Sylfaen ym 1964 ac fel arfer mae ganddi tua 120 o aelodau, 6-11 oed. Rhennir y gerddorfa yn wyth adran offerynnol ac mae ganddi&#8217;r ystod lawn o offerynnau cerddorfaol. Mae pob adran yn treulio hanner cyntaf yr ymarferion wythnosol gyda thiwtor offerynnol arbenigol, cyn ymarfer fel cerddorfa gyflawn gyda\u2019r arweinydd. Mae&#8217;r repertoire yn cael ei ddewis yn ofalus i sicrhau bod chwaraewyr yn perfformio cerddoriaeth mewn sawl arddull ac o sawl cyfnod mewn hanes.<\/p>\n\n\n\n<p>Trefnir yr holl gerddoriaeth yn benodol gan yr arweinydd i gefnogi chwaraewyr newydd a herio pob chwaraewr wrth iddynt ennill profiad. Maen nhw&#8217;n perfformio dau gyngerdd bob blwyddyn ym mis Mawrth a mis Gorffennaf.<\/p>\n\n\n\n<p>Gweler amserlen lawn y Gerddorfa Sylfaen ar gyfer 2024 i 2025:<\/p>\n\n\n\n<p><\/p>\n\n\n\n<figure class=\"wp-block-table is-style-stripes\"><table class=\"has-fixed-layout\"><tbody><tr><td>Rhif<\/td><td>Cysegrannau<\/td><td>Dydd<\/td><td>Amser<\/td><td>Lleoliad<\/td><td>Dyddiad<\/td><\/tr><tr><td>1<\/td><td>Cerddorfa Sylfaen<\/td><td>Dydd Iau<\/td><td>5:45yp \u2013 7:15yp<\/td><td>Ysgol Uwchradd Yr Eglwys Newydd<\/td><td>18 Medi<\/td><\/tr><tr><td>2<\/td><td>Cerddorfa Sylfaen<\/td><td>Dydd Iau<\/td><td>5:45yp \u2013 7:15yp<\/td><td>Ysgol Uwchradd Yr Eglwys Newydd<\/td><td>25 Medi<\/td><\/tr><tr><td>3<\/td><td>Cerddorfa Sylfaen<\/td><td>Dydd Iau<\/td><td>5:45yp \u2013 7:15yp<\/td><td>Ysgol Uwchradd Yr Eglwys Newydd<\/td><td>2 Hydref<\/td><\/tr><tr><td>4<\/td><td>Cerddorfa Sylfaen<\/td><td>Dydd Iau<\/td><td>5:45yp \u2013 7:15yp<\/td><td>Ysgol Uwchradd Yr Eglwys Newydd<\/td><td>9 Hydref<\/td><\/tr><tr><td>5<\/td><td>Cerddorfa Sylfaen<\/td><td>Dydd Iau<\/td><td>5:45yp \u2013 7:15yp<\/td><td>Ysgol Uwchradd Yr Eglwys Newydd<\/td><td>16 Hydref<\/td><\/tr><tr><td>6<\/td><td>Cerddorfa Sylfaen<\/td><td>Dydd Iau<\/td><td>5:45yp \u2013 7:15yp<\/td><td>Ysgol Uwchradd Yr Eglwys Newydd<\/td><td>23 Hydref<\/td><\/tr><tr><td colspan=\"6\"><strong>HANNER TYMOR (27 Hydref \u2013 31 Hydref 2025)<\/strong><\/td><\/tr><tr><td>7<\/td><td>Cerddorfa Sylfaen<\/td><td>Dydd Iau<\/td><td>5:45yp \u2013 7:15yp<\/td><td>Ysgol Uwchradd Yr Eglwys Newydd<\/td><td>6 Tachwedd<\/td><\/tr><tr><td>8<\/td><td>Cerddorfa Sylfaen<\/td><td>Dydd Iau<\/td><td>5:45yp \u2013 7:15yp<\/td><td>Ysgol Uwchradd Yr Eglwys Newydd<\/td><td>13 Tachwedd<\/td><\/tr><tr><td>9<\/td><td>Cerddorfa Sylfaen<\/td><td>Dydd Iau<\/td><td>5:45yp \u2013 7:15yp<\/td><td>Ysgol Uwchradd Yr Eglwys Newydd<\/td><td>20 Tachwedd<\/td><\/tr><tr><td>10<\/td><td>Cerddorfa Sylfaen<\/td><td>Dydd Iau<\/td><td>5:45yp \u2013 7:15yp<\/td><td>Ysgol Uwchradd Yr Eglwys Newydd<\/td><td>27 Tachwedd<\/td><\/tr><tr><td>11<\/td><td>Cerddorfa Sylfaen<\/td><td>Dydd Iau<\/td><td>5:45yp \u2013 7:15yp<\/td><td>Ysgol Uwchradd Yr Eglwys Newydd<\/td><td>4 Rhagfyr<\/td><\/tr><tr><td colspan=\"6\"><strong>GWYLIAU NADOLIG (22 Rhagfyr 2025 \u2013 02 Ionawr 2026)<\/strong><\/td><\/tr><tr><td>12<\/td><td>Cerddorfa Sylfaen<\/td><td>Dydd Iau<\/td><td>5:45yp \u2013 7:15yp<\/td><td>Ysgol Uwchradd Yr Eglwys Newydd<\/td><td>8 Ionawr<\/td><\/tr><tr><td>13<\/td><td>Cerddorfa Sylfaen<\/td><td>Dydd Iau<\/td><td>5:45yp \u2013 7:15yp<\/td><td>Ysgol Uwchradd Yr Eglwys Newydd<\/td><td>15 Ionawr<\/td><\/tr><tr><td>14<\/td><td>Cerddorfa Sylfaen<\/td><td>Dydd Iau<\/td><td>5:45yp \u2013 7:15yp<\/td><td>Ysgol Uwchradd Yr Eglwys Newydd<\/td><td>22 Ionawr<\/td><\/tr><tr><td>15<\/td><td>Cerddorfa Sylfaen<\/td><td>Dydd Iau<\/td><td>5:45yp \u2013 7:15yp<\/td><td>Ysgol Uwchradd Yr Eglwys Newydd<\/td><td>29 Ionawr<\/td><\/tr><tr><td>16<\/td><td>Cerddorfa Sylfaen<\/td><td>Dydd Iau<\/td><td>5:45yp \u2013 7:15yp<\/td><td>Ysgol Uwchradd Yr Eglwys Newydd<\/td><td>5 Chwefror<\/td><\/tr><tr><td>17<\/td><td>Cerddorfa Sylfaen<\/td><td>Dydd Iau<\/td><td>5:45yp \u2013 7:15yp<\/td><td>Ysgol Uwchradd Yr Eglwys Newydd<\/td><td>12 Chwefror<\/td><\/tr><tr><td colspan=\"6\"><strong>HANNER TYMOR (16 Chwefror \u2013 20 Chwefror 2026)<\/strong><\/td><\/tr><tr><td>18<\/td><td>Cerddorfa Sylfaen<\/td><td>Dydd Iau<\/td><td>5:45yp \u2013 7:15yp<\/td><td>Ysgol Uwchradd Yr Eglwys Newydd<\/td><td>26 Chwefror<\/td><\/tr><tr><td>19<\/td><td>Cerddorfa Sylfaen<\/td><td>Dydd Iau<\/td><td>5:45yp \u2013 7:15yp<\/td><td>Ysgol Uwchradd Yr Eglwys Newydd<\/td><td>5 Mawrth<\/td><\/tr><tr><td>20<\/td><td>Cerddorfa Sylfaen<\/td><td>Dydd Iau<\/td><td>5:45yp \u2013 7:15yp<\/td><td>Ysgol Uwchradd Yr Eglwys Newydd<\/td><td>12 Mawrth<\/td><\/tr><tr><td colspan=\"6\"><strong>Arddangosfa\u2019r Gwanwyn (Mawrth 2026) \u2013 Cyngerdd a Lleoliad i\u2019w gadarnhau<\/strong><\/td><\/tr><tr><td colspan=\"6\"><strong>GWYLIAU PASG (30 Mawrth \u2013 10 Ebrill 2026)<\/strong><\/td><\/tr><tr><td>22<\/td><td>Cerddorfa Sylfaen<\/td><td>Dydd Iau<\/td><td>5:45yp \u2013 7:15yp<\/td><td>Ysgol Uwchradd Yr Eglwys Newydd<\/td><td>16 Ebrill<\/td><\/tr><tr><td>23<\/td><td>Cerddorfa Sylfaen<\/td><td>Dydd Iau<\/td><td>5:45yp \u2013 7:15yp<\/td><td>Ysgol Uwchradd Yr Eglwys Newydd<\/td><td>23 Ebrill<\/td><\/tr><tr><td>24<\/td><td>Cerddorfa Sylfaen<\/td><td>Dydd Iau<\/td><td>5:45yp \u2013 7:15yp<\/td><td>Ysgol Uwchradd Yr Eglwys Newydd<\/td><td>30 Ebrill<\/td><\/tr><tr><td>25<\/td><td>Cerddorfa Sylfaen<\/td><td>Dydd Iau<\/td><td>5:45yp \u2013 7:15yp<\/td><td>Ysgol Uwchradd Yr Eglwys Newydd<\/td><td>7 Mai<\/td><\/tr><tr><td>26<\/td><td>Cerddorfa Sylfaen<\/td><td>Dydd Iau<\/td><td>5:45yp \u2013 7:15yp<\/td><td>Ysgol Uwchradd Yr Eglwys Newydd<\/td><td>14 Mai<\/td><\/tr><tr><td>27<\/td><td>Cerddorfa Sylfaen<\/td><td>Dydd Iau<\/td><td>5:45yp \u2013 7:15yp<\/td><td>Ysgol Uwchradd Yr Eglwys Newydd<\/td><td>21 Mai<\/td><\/tr><tr><td colspan=\"6\"><strong>HANNER TYMOR (25 Mai \u2013 29 Mai 2026)<\/strong><\/td><\/tr><tr><td>28<\/td><td>Cerddorfa Sylfaen<\/td><td>Dydd Iau<\/td><td>5:45yp \u2013 7:15yp<\/td><td>Ysgol Uwchradd Yr Eglwys Newydd<\/td><td>4 Mehefin<\/td><\/tr><tr><td>29<\/td><td>Cerddorfa Sylfaen<\/td><td>Dydd Iau<\/td><td>5:45yp \u2013 7:15yp<\/td><td>Ysgol Uwchradd Yr Eglwys Newydd<\/td><td>11 Mehefin<\/td><\/tr><tr><td>30<\/td><td>Cerddorfa Sylfaen<\/td><td>Dydd Iau<\/td><td>5:45yp \u2013 7:15yp<\/td><td>Ysgol Uwchradd Yr Eglwys Newydd<\/td><td>18 Mehefin<\/td><\/tr><tr><td>31<\/td><td>Cerddorfa Sylfaen<\/td><td>Dydd Iau<\/td><td>5:45yp \u2013 7:15yp<\/td><td>Ysgol Uwchradd Yr Eglwys Newydd<\/td><td>25 Mehefin<\/td><\/tr><tr><td>32<\/td><td>Cerddorfa Sylfaen<\/td><td>Dydd Iau<\/td><td>5:45yp \u2013 7:15yp<\/td><td>Ysgol Uwchradd Yr Eglwys Newydd<\/td><td>2 Gorffennaf<\/td><\/tr><tr><td colspan=\"6\"><strong>Cyngerdd BBC Neuadd Hoddinott (Dydd Llun 6 Gorffennaf 2026)<\/strong><\/td><\/tr><\/tbody><\/table><\/figure>\n\n\n\n<div class=\"wp-block-group has-global-padding is-layout-constrained wp-block-group-is-layout-constrained\"><\/div>\n<\/div>\n<\/div>\n\n\n\n<h2 class=\"wp-block-heading alignwide\"><strong>Bywgraffiad yr Arweinydd<\/strong><\/h2>\n\n\n\n<div class=\"wp-block-columns alignwide is-layout-flex wp-container-core-columns-is-layout-1a2ddb66 wp-block-columns-is-layout-flex\" style=\"padding-right:var(--wp--preset--spacing--30);padding-left:var(--wp--preset--spacing--30)\">\n<div class=\"wp-block-column is-layout-flow wp-block-column-is-layout-flow\" style=\"flex-basis:33.33%\">\n<figure class=\"wp-block-image aligncenter size-large is-resized\"><img loading=\"lazy\" decoding=\"async\" width=\"731\" height=\"1024\" src=\"https:\/\/www.cfmusiceducation.co.uk\/wp-content\/uploads\/2024\/08\/gary-photo-731x1024.jpg\" alt=\"\" class=\"wp-image-1927\" style=\"width:322px;height:auto\" srcset=\"https:\/\/www.cfmusiceducation.co.uk\/wp-content\/uploads\/2024\/08\/gary-photo-731x1024.jpg 731w, https:\/\/www.cfmusiceducation.co.uk\/wp-content\/uploads\/2024\/08\/gary-photo-214x300.jpg 214w, https:\/\/www.cfmusiceducation.co.uk\/wp-content\/uploads\/2024\/08\/gary-photo-768x1075.jpg 768w, https:\/\/www.cfmusiceducation.co.uk\/wp-content\/uploads\/2024\/08\/gary-photo-1097x1536.jpg 1097w, https:\/\/www.cfmusiceducation.co.uk\/wp-content\/uploads\/2024\/08\/gary-photo-1463x2048.jpg 1463w, https:\/\/www.cfmusiceducation.co.uk\/wp-content\/uploads\/2024\/08\/gary-photo-scaled.jpg 1829w\" sizes=\"auto, (max-width: 731px) 100vw, 731px\" \/><\/figure>\n<\/div>\n\n\n\n<div class=\"wp-block-column is-layout-flow wp-block-column-is-layout-flow\" style=\"flex-basis:66.66%\">\n<h3 class=\"wp-block-heading\">Arweinydd: Yr Athro Gary Beauchamp PhD, MEd, BEd(Anrh), SFHEA, FLCM, FRSA, FLSW, FIWA, LTCL<\/h3>\n\n\n\n<p>Mae\u2019r Athro Gary Beauchamp yn Athro Addysg yn Ysgol Addysg a Pholisi Cymdeithasol Caerdydd (CSESP) ym Mhrifysgol Metropolitan Caerdydd ac yn Athro Er Anrhydedd yn Ysgol Addysg Prifysgol Durham. Dechreuodd ei yrfa addysg fel arbenigwr cerdd ysgol gynradd a Chlerc Lleyg yng Ngh\u00f4r Eglwys Gadeiriol Llandaf, lle bu\u2019n canu ar gryno ddisgiau, mewn recordiadau teledu, Radio 3 Choral Evensong a chyngherddau, yn ogystal \u00e2 bod yn unawdydd i wahanol gymdeithasau corawl. Yn ystod y cyfnod hwn, dechreuodd ei r\u00f4l gyntaf yn y gwasanaeth cerdd fel arweinydd C\u00f4r Ysgolion Iau Cerddoriaeth CF yn 1991. Parhaodd \u00e2&#8217;r r\u00f4l hon hyd nes iddo ddod yn arweinydd Cerddorfa Sefydliad Addysg Cerddoriaeth CF (neu Gerddorfa&#8217;r Ysgolion Iau fel y mae). oedd bryd hynny) yn 1997.<\/p>\n\n\n\n<p>Ers hynny, mae Gary wedi symud i addysg uwch, lle mae wedi cyhoeddi\u2019n helaeth ar addysg cerddoriaeth a meysydd eraill. Bu\u2019n gynghorydd arbenigol ac yn aelod o grwpiau llywio ar gyfer adolygiadau polisi a chymwysterau cenedlaethol, ac mae wedi arwain prosiectau a ariannwyd gan Lywodraeth Cymru ac Erasmus \u2013 yr olaf gyda phartneriaid mewn saith gwlad wahanol. Mae wedi parhau \u00e2\u2019i r\u00f4l fel arweinydd y Gerddorfa Sylfaen gan ei fod wedi mwynhau gweld cymaint o bobl ifanc yn tyfu ac yn perfformio ystod eang o gerddoriaeth o wahanol oedrannau. Mae hefyd yn mwynhau bod yn aelod o d\u00eem gyda\u2019r tiwtoriaid offerynnol arbenigol, sydd, gyda\u2019r plant, yn gweithio\u2019n galed bob wythnos i berfformio i safon uchel mewn cyngherddau bob blwyddyn.<\/p>\n<\/div>\n<\/div>\n","protected":false},"excerpt":{"rendered":"<p>Sefydlwyd y Gerddorfa Sylfaen ym 1964 ac fel arfer mae ganddi tua 120 o aelodau, 6-11 oed. Rhennir y gerddorfa yn wyth adran offerynnol ac mae ganddi&#8217;r ystod lawn o offerynnau cerddorfaol. Mae pob adran yn treulio hanner cyntaf yr ymarferion wythnosol gyda thiwtor offerynnol arbenigol, cyn ymarfer fel cerddorfa gyflawn gyda\u2019r arweinydd. Mae&#8217;r repertoire [&hellip;]<\/p>\n","protected":false},"author":3,"featured_media":0,"parent":0,"menu_order":0,"comment_status":"closed","ping_status":"closed","template":"","meta":{"_acf_changed":false,"footnotes":""},"class_list":["post-1937","page","type-page","status-publish","hentry"],"acf":[],"_links":{"self":[{"href":"https:\/\/www.cfmusiceducation.co.uk\/cy\/wp-json\/wp\/v2\/pages\/1937","targetHints":{"allow":["GET"]}}],"collection":[{"href":"https:\/\/www.cfmusiceducation.co.uk\/cy\/wp-json\/wp\/v2\/pages"}],"about":[{"href":"https:\/\/www.cfmusiceducation.co.uk\/cy\/wp-json\/wp\/v2\/types\/page"}],"author":[{"embeddable":true,"href":"https:\/\/www.cfmusiceducation.co.uk\/cy\/wp-json\/wp\/v2\/users\/3"}],"replies":[{"embeddable":true,"href":"https:\/\/www.cfmusiceducation.co.uk\/cy\/wp-json\/wp\/v2\/comments?post=1937"}],"version-history":[{"count":6,"href":"https:\/\/www.cfmusiceducation.co.uk\/cy\/wp-json\/wp\/v2\/pages\/1937\/revisions"}],"predecessor-version":[{"id":2885,"href":"https:\/\/www.cfmusiceducation.co.uk\/cy\/wp-json\/wp\/v2\/pages\/1937\/revisions\/2885"}],"wp:attachment":[{"href":"https:\/\/www.cfmusiceducation.co.uk\/cy\/wp-json\/wp\/v2\/media?parent=1937"}],"curies":[{"name":"wp","href":"https:\/\/api.w.org\/{rel}","templated":true}]}}